{"id":9,"date":"2023-06-26T16:51:34","date_gmt":"2023-06-26T14:51:34","guid":{"rendered":"https:\/\/change-chemnitz.de\/?page_id=9"},"modified":"2023-06-27T15:53:27","modified_gmt":"2023-06-27T13:53:27","slug":"welcome-to-modern-wordpress-theme","status":"publish","type":"page","link":"https:\/\/change-chemnitz.de\/","title":{"rendered":"Was ist die CHANGE?"},"content":{"rendered":"\n<p>Die CHANGE ist bisher nur eine Idee. Das Ziel ist Jugendliche zu unterst\u00fctzen sich auf kommunaler Ebene mehr einzubringen. Dabei wird besonderer Wert auf Vernetzung gelegt, da viele Probleme so oder so \u00e4hnlich in anderen St\u00e4dten und Gemeinden bereits aufgetreten und zum Teil auch gel\u00f6st wurden sind. Durch das Treffen Jugendlicher aus verschiedenen Regionen kann sich ausgetauscht, unterschiedliche Partizipationsmodelle vorgestellt und gemeinsam neue Skills erlernt werden.<\/p>\n\n\n\n<p>Ein m\u00f6glicher Ablauf k\u00f6nnte wie folgt aussehen:<\/p>\n\n\n\n<ul class=\"wp-block-list\">\n<li>Freitag\n<ul class=\"wp-block-list\">\n<li>Anreise, gemeinsames Abendessen<\/li>\n\n\n\n<li>Begr\u00fc\u00dfung und Gru\u00dfworte<\/li>\n\n\n\n<li>Socialiazing<\/li>\n<\/ul>\n<\/li>\n\n\n\n<li>Samstag\n<ul class=\"wp-block-list\">\n<li>Softskill-Training 1 &amp; 2 (Auswahl zwischen verschiedenen Themen, z.B. F\u00f6rdermittelakquise, Antragstellung, Reden halten, mit Politiker*innen sprechen, Networking, &#8230;)<\/li>\n\n\n\n<li>Mittagessen<\/li>\n\n\n\n<li>Pr\u00e4sentationsraum (Ausgew\u00e4hlte Teilnehmende stellen auf einer Mini-Messe beispielhafte Projekte vor)<\/li>\n\n\n\n<li>Idea-Workshops &#8211; gemeinsam arbeiten wir an L\u00f6sungen von konkreten Problemen die ausgew\u00e4hlte Teilnehmende mitgebracht haben<\/li>\n\n\n\n<li>Abendessen<\/li>\n\n\n\n<li>kulturelles Event<\/li>\n<\/ul>\n<\/li>\n\n\n\n<li>Sonntag\n<ul class=\"wp-block-list\">\n<li>Pr\u00e4sentation der Ergebnisse aus den Workshops<\/li>\n\n\n\n<li>Schlussworte<\/li>\n\n\n\n<li>Mittagessen, Abreise<\/li>\n<\/ul>\n<\/li>\n<\/ul>\n\n\n\n<p>Wenn du andere Ideen hast oder dich bei der Organisation einbringen willst, melde dich bei uns unter orga[at]change-chemnitz.de! \ud83d\ude42<\/p>\n\n\n\n<h2 class=\"wp-block-heading\">Kultureller Schwerpunkt?<\/h2>\n\n\n\n<p>Chemnitz ist 2025 Kulturhauptstadt Europas. Diesen Anlass wollen wir nutzen um verst\u00e4rkt auch auf die Partizipation Jugendlicher im kulturellen Bereich zu schauen. D\u00fcrfen Jugendliche ihre Meinung einbringen bei der Gestaltung \u00f6ffentlichen Raums? Gibt es eine M\u00f6glichkeit, dass Museen auch auf die W\u00fcnsche junger Menschen eingehen? Wie viel Einfluss haben Jugendliche auf das Programm von \u00f6ffentlichen Theatern? All diesen Fragen wollen wir uns widmen und auch Vorschl\u00e4ge zur Verbesserung der aktuellen Situation unterbreiten.<\/p>\n\n\n\n<h2 class=\"wp-block-heading\">Hintergrund<\/h2>\n\n\n\n<p>Die Idee zu einer Jugendkonferenz in dieser Form entstand im Rahmen des Future-Mentoring Programm. Das war ein Programm des Eurocity-Networks. <\/p>\n","protected":false},"excerpt":{"rendered":"<p>Die CHANGE ist bisher nur eine Idee. Das Ziel ist Jugendliche zu unterst\u00fctzen sich auf kommunaler Ebene mehr einzubringen. Dabei wird besonderer Wert auf Vernetzung gelegt, da viele Probleme so oder so \u00e4hnlich in anderen St\u00e4dten und Gemeinden bereits aufgetreten und zum Teil auch gel\u00f6st wurden sind. Durch das Treffen Jugendlicher aus verschiedenen Regionen kann [&hellip;]<\/p>\n","protected":false},"author":1,"featured_media":6,"parent":0,"menu_order":0,"comment_status":"closed","ping_status":"closed","template":"page-template\/_front.php","meta":{"footnotes":""},"class_list":["post-9","page","type-page","status-publish","has-post-thumbnail","hentry"],"_links":{"self":[{"href":"https:\/\/change-chemnitz.de\/index.php\/wp-json\/wp\/v2\/pages\/9","targetHints":{"allow":["GET"]}}],"collection":[{"href":"https:\/\/change-chemnitz.de\/index.php\/wp-json\/wp\/v2\/pages"}],"about":[{"href":"https:\/\/change-chemnitz.de\/index.php\/wp-json\/wp\/v2\/types\/page"}],"author":[{"embeddable":true,"href":"https:\/\/change-chemnitz.de\/index.php\/wp-json\/wp\/v2\/users\/1"}],"replies":[{"embeddable":true,"href":"https:\/\/change-chemnitz.de\/index.php\/wp-json\/wp\/v2\/comments?post=9"}],"version-history":[{"count":7,"href":"https:\/\/change-chemnitz.de\/index.php\/wp-json\/wp\/v2\/pages\/9\/revisions"}],"predecessor-version":[{"id":36,"href":"https:\/\/change-chemnitz.de\/index.php\/wp-json\/wp\/v2\/pages\/9\/revisions\/36"}],"wp:featuredmedia":[{"embeddable":true,"href":"https:\/\/change-chemnitz.de\/index.php\/wp-json\/wp\/v2\/media\/6"}],"wp:attachment":[{"href":"https:\/\/change-chemnitz.de\/index.php\/wp-json\/wp\/v2\/media?parent=9"}],"curies":[{"name":"wp","href":"https:\/\/api.w.org\/{rel}","templated":true}]}}